{"id":41,"date":"2026-02-17T23:40:30","date_gmt":"2026-02-17T22:40:30","guid":{"rendered":"https:\/\/pstryk-pstryk.com\/?page_id=41"},"modified":"2026-02-17T23:43:28","modified_gmt":"2026-02-17T22:43:28","slug":"kontakt","status":"publish","type":"page","link":"https:\/\/pstryk-pstryk.com\/?page_id=41","title":{"rendered":"Kontakt"},"content":{"rendered":"\n<p>Je\u015bli jeste\u015b zainteresowana\/y zdj\u0119ciami zapraszam do kontaktu:<\/p>\n\n\n\n<p><strong>TEL: +48 697-99-00-27<\/strong><br>(je\u015bli nie odbieram to wy\u015blij SMS, oddzwoni\u0119)<br><br><strong>MAIL: rafal@pstryk-pstryk.com<\/strong><\/p>\n\n\n\n<p><\/p>\n","protected":false},"excerpt":{"rendered":"<p>Je\u015bli jeste\u015b zainteresowana\/y zdj\u0119ciami zapraszam do kontaktu: TEL: +48 697-99-00-27(je\u015bli nie odbieram to wy\u015blij SMS, oddzwoni\u0119) MAIL: rafal@pstryk-pstryk.com<\/p>\n","protected":false},"author":1,"featured_media":0,"parent":0,"menu_order":0,"comment_status":"closed","ping_status":"closed","template":"","meta":{"footnotes":""},"class_list":["post-41","page","type-page","status-publish","hentry"],"_links":{"self":[{"href":"https:\/\/pstryk-pstryk.com\/index.php?rest_route=\/wp\/v2\/pages\/41","targetHints":{"allow":["GET"]}}],"collection":[{"href":"https:\/\/pstryk-pstryk.com\/index.php?rest_route=\/wp\/v2\/pages"}],"about":[{"href":"https:\/\/pstryk-pstryk.com\/index.php?rest_route=\/wp\/v2\/types\/page"}],"author":[{"embeddable":true,"href":"https:\/\/pstryk-pstryk.com\/index.php?rest_route=\/wp\/v2\/users\/1"}],"replies":[{"embeddable":true,"href":"https:\/\/pstryk-pstryk.com\/index.php?rest_route=%2Fwp%2Fv2%2Fcomments&post=41"}],"version-history":[{"count":3,"href":"https:\/\/pstryk-pstryk.com\/index.php?rest_route=\/wp\/v2\/pages\/41\/revisions"}],"predecessor-version":[{"id":44,"href":"https:\/\/pstryk-pstryk.com\/index.php?rest_route=\/wp\/v2\/pages\/41\/revisions\/44"}],"wp:attachment":[{"href":"https:\/\/pstryk-pstryk.com\/index.php?rest_route=%2Fwp%2Fv2%2Fmedia&parent=41"}],"curies":[{"name":"wp","href":"https:\/\/api.w.org\/{rel}","templated":true}]}}