{"id":187,"date":"2026-02-18T22:42:33","date_gmt":"2026-02-18T21:42:33","guid":{"rendered":"https:\/\/pstryk-pstryk.com\/?page_id=187"},"modified":"2026-02-19T21:41:42","modified_gmt":"2026-02-19T20:41:42","slug":"o-mnie","status":"publish","type":"page","link":"https:\/\/pstryk-pstryk.com\/?page_id=187","title":{"rendered":"O mnie"},"content":{"rendered":"\n<p>Mimo, \u017ce szko\u0142y, prace moje by\u0142y techniczne to artystyczna dusza tkwi we mnie od ma\u0142ego. Dzieckiem b\u0119d\u0105c \u0142adnie rysowa\u0142em. P\u00f3\u017aniej zainteresowa\u0142em si\u0119 grafik\u0105 komputerow\u0105. Dla siebie ale i profesjonalnie szykuj\u0105c komputerowe wstawki do nagra\u0144 wideo. Po latach wkr\u0119ci\u0142em si\u0119 w fotografi\u0119 i pasji tej jestem wierny do dzisiaj \ud83d\ude42<\/p>\n\n\n\n<p>Par\u0119 lat temu fotografowa\u0142em zawodowo, teraz ju\u017c bardziej dla przyjemno\u015bci. R\u00f3\u017cnego rodzaju sesje zdj\u0119ciowe, krajobrazy, sport (zw\u0142aszcza moje ulubione biegi g\u00f3rskie).<\/p>\n\n\n\n<p>Je\u015bli moje zdj\u0119cia Ci si\u0119 podobaj\u0105 i chcia\u0142aby\u015b \/ chcia\u0142by\u015b bym uwieczni\u0142 Twoje chwile daj zna\u0107, zrobi\u0119 to z przyjemno\u015bci\u0105 \ud83d\ude42<br>Namiary na mnie znajdziesz w zak\u0142adce kontakt. Wszelkie pytania,  w\u0105tpliwo\u015bci &#8211; \u015bmia\u0142o, zapraszam \ud83d\ude42<\/p>\n\n\n\n<p>Jestem z Ole\u015bnicy wi\u0119c naj\u0142atwiej b\u0119dzie dzia\u0142a\u0107 na dolnym \u015bl\u0105sku ale oczywi\u015bcie mo\u017cliwy jest dojazd i w inne rejony kraju.<\/p>\n","protected":false},"excerpt":{"rendered":"<p>Mimo, \u017ce szko\u0142y, prace moje by\u0142y techniczne to artystyczna dusza tkwi we mnie od ma\u0142ego. Dzieckiem b\u0119d\u0105c \u0142adnie rysowa\u0142em. P\u00f3\u017aniej zainteresowa\u0142em si\u0119 grafik\u0105 komputerow\u0105. Dla siebie ale i profesjonalnie szykuj\u0105c komputerowe wstawki do nagra\u0144 wideo. Po latach wkr\u0119ci\u0142em si\u0119 w fotografi\u0119 i pasji tej jestem wierny do dzisiaj \ud83d\ude42 Par\u0119 lat temu fotografowa\u0142em zawodowo, teraz [&hellip;]<\/p>\n","protected":false},"author":1,"featured_media":0,"parent":0,"menu_order":0,"comment_status":"closed","ping_status":"closed","template":"","meta":{"footnotes":""},"class_list":["post-187","page","type-page","status-publish","hentry"],"_links":{"self":[{"href":"https:\/\/pstryk-pstryk.com\/index.php?rest_route=\/wp\/v2\/pages\/187","targetHints":{"allow":["GET"]}}],"collection":[{"href":"https:\/\/pstryk-pstryk.com\/index.php?rest_route=\/wp\/v2\/pages"}],"about":[{"href":"https:\/\/pstryk-pstryk.com\/index.php?rest_route=\/wp\/v2\/types\/page"}],"author":[{"embeddable":true,"href":"https:\/\/pstryk-pstryk.com\/index.php?rest_route=\/wp\/v2\/users\/1"}],"replies":[{"embeddable":true,"href":"https:\/\/pstryk-pstryk.com\/index.php?rest_route=%2Fwp%2Fv2%2Fcomments&post=187"}],"version-history":[{"count":3,"href":"https:\/\/pstryk-pstryk.com\/index.php?rest_route=\/wp\/v2\/pages\/187\/revisions"}],"predecessor-version":[{"id":284,"href":"https:\/\/pstryk-pstryk.com\/index.php?rest_route=\/wp\/v2\/pages\/187\/revisions\/284"}],"wp:attachment":[{"href":"https:\/\/pstryk-pstryk.com\/index.php?rest_route=%2Fwp%2Fv2%2Fmedia&parent=187"}],"curies":[{"name":"wp","href":"https:\/\/api.w.org\/{rel}","templated":true}]}}